{"id":15710,"date":"2022-09-26T09:50:47","date_gmt":"2022-09-26T13:50:47","guid":{"rendered":"https:\/\/changingclimate.ca\/?page_id=15710"},"modified":"2024-05-27T10:02:18","modified_gmt":"2024-05-27T14:02:18","slug":"autres-exemples","status":"publish","type":"page","link":"https:\/\/changingclimate.ca\/fr\/autres-exemples\/","title":{"rendered":"Autres exemples"},"content":{"rendered":"<p>Si vous n&rsquo;avez pas trouv\u00e9 les informations que vous recherchiez sur la carte, nous vous encourageons \u00e0 consulter les sites web suivants, qui fournissent des exemples suppl\u00e9mentaires d&rsquo;adaptation. Cette page sera r\u00e9guli\u00e8rement mise \u00e0 jour pour refl\u00e9ter les nouvelles ressources.<\/p>\n","protected":false},"excerpt":{"rendered":"<p>Si vous n&rsquo;avez pas trouv\u00e9 les informations que vous recherchiez sur la carte, nous vous encourageons \u00e0 consulter les sites web suivants, qui fournissent des exemples suppl\u00e9mentaires d&rsquo;adaptation. Cette page sera r\u00e9guli\u00e8rement mise \u00e0 jour pour refl\u00e9ter les nouvelles ressources.<\/p>\n","protected":false},"author":17,"featured_media":900,"parent":0,"menu_order":7,"comment_status":"closed","ping_status":"closed","template":"","meta":{"_acf_changed":false,"_monsterinsights_skip_tracking":false,"_monsterinsights_sitenote_active":false,"_monsterinsights_sitenote_note":"","_monsterinsights_sitenote_category":0,"footnotes":""},"class_list":["post-15710","page","type-page","status-publish","has-post-thumbnail","hentry"],"acf":[],"_links":{"self":[{"href":"https:\/\/changingclimate.ca\/fr\/wp-json\/wp\/v2\/pages\/15710","targetHints":{"allow":["GET"]}}],"collection":[{"href":"https:\/\/changingclimate.ca\/fr\/wp-json\/wp\/v2\/pages"}],"about":[{"href":"https:\/\/changingclimate.ca\/fr\/wp-json\/wp\/v2\/types\/page"}],"author":[{"embeddable":true,"href":"https:\/\/changingclimate.ca\/fr\/wp-json\/wp\/v2\/users\/17"}],"replies":[{"embeddable":true,"href":"https:\/\/changingclimate.ca\/fr\/wp-json\/wp\/v2\/comments?post=15710"}],"version-history":[{"count":18,"href":"https:\/\/changingclimate.ca\/fr\/wp-json\/wp\/v2\/pages\/15710\/revisions"}],"predecessor-version":[{"id":18077,"href":"https:\/\/changingclimate.ca\/fr\/wp-json\/wp\/v2\/pages\/15710\/revisions\/18077"}],"wp:featuredmedia":[{"embeddable":true,"href":"https:\/\/changingclimate.ca\/fr\/wp-json\/wp\/v2\/media\/900"}],"wp:attachment":[{"href":"https:\/\/changingclimate.ca\/fr\/wp-json\/wp\/v2\/media?parent=15710"}],"curies":[{"name":"wp","href":"https:\/\/api.w.org\/{rel}","templated":true}]}}